{"id":1288,"date":"2020-10-01T07:02:38","date_gmt":"2020-10-01T07:02:38","guid":{"rendered":"https:\/\/es-wanddesign.de\/?page_id=549"},"modified":"2023-11-18T09:03:58","modified_gmt":"2023-11-18T09:03:58","slug":"services-2","status":"publish","type":"page","link":"https:\/\/es-wanddesign.de\/?page_id=1288","title":{"rendered":"Leistungen"},"content":{"rendered":"\t\t<div data-elementor-type=\"wp-page\" data-elementor-id=\"1288\" class=\"elementor elementor-1288\">\n\t\t\t\t\t\t\t\t\t<section class=\"elementor-section elementor-top-section elementor-element elementor-element-2f970c6 elementor-section-full_width elementor-section-height-default elementor-section-height-default\" data-id=\"2f970c6\" data-element_type=\"section\">\n\t\t\t\t\t\t<div class=\"elementor-container elementor-column-gap-no\">\n\t\t\t\t\t<div class=\"elementor-column elementor-col-100 elementor-top-column elementor-element elementor-element-b4d28c0\" data-id=\"b4d28c0\" data-element_type=\"column\">\n\t\t\t<div class=\"elementor-widget-wrap elementor-element-populated\">\n\t\t\t\t\t\t\t\t<div class=\"elementor-element elementor-element-1716af1 elementor-widget elementor-widget-wzors_service_section\" data-id=\"1716af1\" data-element_type=\"widget\" data-widget_type=\"wzors_service_section.default\">\n\t\t\t\t<div class=\"elementor-widget-container\">\n\t\t\t<!-- Start Service Style1 Area -->\n<section class=\"service-style1-area service-page\">\n\t\t\n\t\t<div class=\"container\">\n\t\t\t\t<div class=\"row\">\n\t\t\t\t\t\t<!--Start Single Service Style1-->\n\t\t\t<div class=\"col-xl-4 col-lg-4 col-md-12 wow fadeInLeft\"\n\t\t\t\tdata-wow-delay=\"0ms\" data-wow-duration=\"1500ms\">\n\t\t\t\t<div class=\"single-service-style1  text-center\">\n\t\t\t\t\t\t\t\t\t\t<div class=\"img-holder\">\n\t\t\t\t\t\t<div class=\"inner\">\n\t\t\t\t\t\t\t<img fetchpriority=\"high\" decoding=\"async\" width=\"330\" height=\"230\" src=\"https:\/\/es-wanddesign.de\/wp-content\/uploads\/2023\/10\/lackspann.jpg\" class=\"attachment-full size-full\" alt=\"\" \/>\t\t\t\t\t\t<\/div>\n\t\t\t\t\t<\/div>\n\t\t\t\t\t\t\t\t\t\t<div class=\"text-holder\">\n\t\t\t\t\t\t<div class=\"inner-text\">\n\t\t\t\t\t\t\t<h3 class=\"typo-item_title-text\"><a\n\t\t\t\t\t\t\t\t\t>Lackspanndecken<\/a>\n\t\t\t\t\t\t\t<\/h3>\n\t\t\t\t\t\t\t<p class=\"typo-item_content-text\">\n\t\t\t\t\t\t\t\tLackspanndecken - Modern, elegant und vielseitig. Verleihen Sie Ihrem Raum einen zeitlosen Glanz mit unserer Auswahl an hochwertigen Decken.<\/p>\n\t\t\t\t\t\t\t<div class=\"readmore-button\">\n\t\t\t\t\t\t\t\t<a ><span\n\t\t\t\t\t\t\t\t\t\tclass=\"flaticon-up-arrow\"><\/span><\/a>\n\t\t\t\t\t\t\t<\/div>\n\t\t\t\t\t\t<\/div>\n\t\t\t\t\t<\/div>\n\t\t\t\t<\/div>\n\t\t\t<\/div>\n\t\t\t<!--End Single Service Style1-->\n\t\t\t\t\t\t<!--Start Single Service Style1-->\n\t\t\t<div class=\"col-xl-4 col-lg-4 col-md-12 wow fadeInLeft\"\n\t\t\t\tdata-wow-delay=\"200ms\" data-wow-duration=\"1500ms\">\n\t\t\t\t<div class=\"single-service-style1  text-center\">\n\t\t\t\t\t\t\t\t\t\t<div class=\"img-holder\">\n\t\t\t\t\t\t<div class=\"inner\">\n\t\t\t\t\t\t\t<img decoding=\"async\" width=\"330\" height=\"230\" src=\"https:\/\/es-wanddesign.de\/wp-content\/uploads\/2023\/10\/veredelungen.jpg\" class=\"attachment-full size-full\" alt=\"\" \/>\t\t\t\t\t\t<\/div>\n\t\t\t\t\t<\/div>\n\t\t\t\t\t\t\t\t\t\t<div class=\"text-holder\">\n\t\t\t\t\t\t<div class=\"inner-text\">\n\t\t\t\t\t\t\t<h3 class=\"typo-item_title-text typo-item_title-text\"><a\n\t\t\t\t\t\t\t\t\t>Wandveredelungen<\/a>\n\t\t\t\t\t\t\t<\/h3>\n\t\t\t\t\t\t\t<p class=\"typo-item_content-text typo-item_content-text\">\n\t\t\t\t\t\t\t\tWandveredelungen, die Ihre R\u00e4ume in wahre Schmuckst\u00fccke verwandeln.<br>\nLassen Sie Ihre W\u00e4nde sprechen.<\/p>\n\t\t\t\t\t\t\t<div class=\"readmore-button\">\n\t\t\t\t\t\t\t\t<a ><span\n\t\t\t\t\t\t\t\t\t\tclass=\"flaticon-up-arrow\"><\/span><\/a>\n\t\t\t\t\t\t\t<\/div>\n\t\t\t\t\t\t<\/div>\n\t\t\t\t\t<\/div>\n\t\t\t\t<\/div>\n\t\t\t<\/div>\n\t\t\t<!--End Single Service Style1-->\n\t\t\t\t\t\t<!--Start Single Service Style1-->\n\t\t\t<div class=\"col-xl-4 col-lg-4 col-md-12 wow fadeInLeft\"\n\t\t\t\tdata-wow-delay=\"400ms\" data-wow-duration=\"1500ms\">\n\t\t\t\t<div class=\"single-service-style1  text-center\">\n\t\t\t\t\t\t\t\t\t\t<div class=\"img-holder\">\n\t\t\t\t\t\t<div class=\"inner\">\n\t\t\t\t\t\t\t<img decoding=\"async\" width=\"330\" height=\"230\" src=\"https:\/\/es-wanddesign.de\/wp-content\/uploads\/2023\/10\/Stuk.jpg\" class=\"attachment-full size-full\" alt=\"\" \/>\t\t\t\t\t\t<\/div>\n\t\t\t\t\t<\/div>\n\t\t\t\t\t\t\t\t\t\t<div class=\"text-holder\">\n\t\t\t\t\t\t<div class=\"inner-text\">\n\t\t\t\t\t\t\t<h3 class=\"typo-item_title-text typo-item_title-text typo-item_title-text\"><a\n\t\t\t\t\t\t\t\t\t>Stuckarbeiten<\/a>\n\t\t\t\t\t\t\t<\/h3>\n\t\t\t\t\t\t\t<p class=\"typo-item_content-text typo-item_content-text typo-item_content-text\">\n\t\t\t\t\t\t\t\tUnsere Stuckarbeiten verleihen Ihren W\u00e4nden zeitlose Eleganz und Charme. Handgefertigte Meisterwerke f\u00fcr ein exklusives Ambiente.<\/p>\n\t\t\t\t\t\t\t<div class=\"readmore-button\">\n\t\t\t\t\t\t\t\t<a ><span\n\t\t\t\t\t\t\t\t\t\tclass=\"flaticon-up-arrow\"><\/span><\/a>\n\t\t\t\t\t\t\t<\/div>\n\t\t\t\t\t\t<\/div>\n\t\t\t\t\t<\/div>\n\t\t\t\t<\/div>\n\t\t\t<\/div>\n\t\t\t<!--End Single Service Style1-->\n\t\t\t\t\t\t<!--Start Single Service Style1-->\n\t\t\t<div class=\"col-xl-4 col-lg-4 col-md-12 wow fadeInLeft\"\n\t\t\t\tdata-wow-delay=\"0ms\" data-wow-duration=\"1500ms\">\n\t\t\t\t<div class=\"single-service-style1  text-center\">\n\t\t\t\t\t\t\t\t\t\t<div class=\"img-holder\">\n\t\t\t\t\t\t<div class=\"inner\">\n\t\t\t\t\t\t\t<img loading=\"lazy\" decoding=\"async\" width=\"330\" height=\"230\" src=\"https:\/\/es-wanddesign.de\/wp-content\/uploads\/2023\/10\/veredelungen-1.jpg\" class=\"attachment-full size-full\" alt=\"\" \/>\t\t\t\t\t\t<\/div>\n\t\t\t\t\t<\/div>\n\t\t\t\t\t\t\t\t\t\t<div class=\"text-holder\">\n\t\t\t\t\t\t<div class=\"inner-text\">\n\t\t\t\t\t\t\t<h3 class=\"typo-item_title-text typo-item_title-text typo-item_title-text typo-item_title-text\"><a\n\t\t\t\t\t\t\t\t\t>Glasdesign<\/a>\n\t\t\t\t\t\t\t<\/h3>\n\t\t\t\t\t\t\t<p class=\"typo-item_content-text typo-item_content-text typo-item_content-text typo-item_content-text\">\n\t\t\t\t\t\t\t\tGlasdesign, unsere Leidenschaft. Elegante L\u00f6sungen f\u00fcr Glasverkleidungen und -gestaltungen, die Transparenz und Stil in Ihren R\u00e4umen vereinen.<\/p>\n\t\t\t\t\t\t\t<div class=\"readmore-button\">\n\t\t\t\t\t\t\t\t<a ><span\n\t\t\t\t\t\t\t\t\t\tclass=\"flaticon-up-arrow\"><\/span><\/a>\n\t\t\t\t\t\t\t<\/div>\n\t\t\t\t\t\t<\/div>\n\t\t\t\t\t<\/div>\n\t\t\t\t<\/div>\n\t\t\t<\/div>\n\t\t\t<!--End Single Service Style1-->\n\t\t\t\t\t<\/div>\n\t<\/div>\n<\/section>\n<!-- End Service Style1 Area -->\n\n\t\t\t\t<\/div>\n\t\t\t\t<\/div>\n\t\t\t\t\t<\/div>\n\t\t<\/div>\n\t\t\t\t\t\t\t<\/div>\n\t\t<\/section>\n\t\t\t\t\t\t\t<\/div>\n\t\t","protected":false},"excerpt":{"rendered":"<p>Lackspanndecken Lackspanndecken &#8211; Modern, elegant und vielseitig. Verleihen Sie Ihrem Raum einen zeitlosen Glanz mit unserer Auswahl an hochwertigen Decken. Wandveredelungen Wandveredelungen, die Ihre R\u00e4ume in wahre Schmuckst\u00fccke verwandeln. Lassen Sie Ihre W\u00e4nde sprechen. Stuckarbeiten Unsere Stuckarbeiten verleihen Ihren W\u00e4nden zeitlose Eleganz und Charme. Handgefertigte Meisterwerke f\u00fcr ein exklusives Ambiente. Glasdesign Glasdesign, unsere Leidenschaft. Elegante [&hellip;]<\/p>\n","protected":false},"author":1,"featured_media":1426,"parent":0,"menu_order":0,"comment_status":"closed","ping_status":"closed","template":"elementor_header_footer","meta":{"footnotes":""},"_links":{"self":[{"href":"https:\/\/es-wanddesign.de\/index.php?rest_route=\/wp\/v2\/pages\/1288"}],"collection":[{"href":"https:\/\/es-wanddesign.de\/index.php?rest_route=\/wp\/v2\/pages"}],"about":[{"href":"https:\/\/es-wanddesign.de\/index.php?rest_route=\/wp\/v2\/types\/page"}],"author":[{"embeddable":true,"href":"https:\/\/es-wanddesign.de\/index.php?rest_route=\/wp\/v2\/users\/1"}],"replies":[{"embeddable":true,"href":"https:\/\/es-wanddesign.de\/index.php?rest_route=%2Fwp%2Fv2%2Fcomments&post=1288"}],"version-history":[{"count":11,"href":"https:\/\/es-wanddesign.de\/index.php?rest_route=\/wp\/v2\/pages\/1288\/revisions"}],"predecessor-version":[{"id":1469,"href":"https:\/\/es-wanddesign.de\/index.php?rest_route=\/wp\/v2\/pages\/1288\/revisions\/1469"}],"wp:featuredmedia":[{"embeddable":true,"href":"https:\/\/es-wanddesign.de\/index.php?rest_route=\/wp\/v2\/media\/1426"}],"wp:attachment":[{"href":"https:\/\/es-wanddesign.de\/index.php?rest_route=%2Fwp%2Fv2%2Fmedia&parent=1288"}],"curies":[{"name":"wp","href":"https:\/\/api.w.org\/{rel}","templated":true}]}}