{"id":339,"date":"2020-09-30T05:58:23","date_gmt":"2020-09-30T05:58:23","guid":{"rendered":"https:\/\/es-wanddesign.de\/?page_id=339"},"modified":"2023-11-21T16:21:55","modified_gmt":"2023-11-21T16:21:55","slug":"about","status":"publish","type":"page","link":"https:\/\/es-wanddesign.de\/?page_id=339","title":{"rendered":"About"},"content":{"rendered":"\t\t<div data-elementor-type=\"wp-page\" data-elementor-id=\"339\" class=\"elementor elementor-339\">\n\t\t\t\t\t\t\t\t\t<section class=\"elementor-section elementor-top-section elementor-element elementor-element-683d452 elementor-section-full_width elementor-section-height-default elementor-section-height-default\" data-id=\"683d452\" data-element_type=\"section\">\n\t\t\t\t\t\t<div class=\"elementor-container elementor-column-gap-no\">\n\t\t\t\t\t<div class=\"elementor-column elementor-col-100 elementor-top-column elementor-element elementor-element-d09b215\" data-id=\"d09b215\" data-element_type=\"column\">\n\t\t\t<div class=\"elementor-widget-wrap elementor-element-populated\">\n\t\t\t\t\t\t\t\t<div class=\"elementor-element elementor-element-eb950ca elementor-widget elementor-widget-wazors_page_section\" data-id=\"eb950ca\" data-element_type=\"widget\" data-widget_type=\"wazors_page_section.page_skin_2\">\n\t\t\t\t<div class=\"elementor-widget-container\">\n\t\t\t\n\n\n<!--Start About Style2 Area-->\n<section class=\"about-style2-area\">\n\t<div class=\"shape wow fadeInLeft\" data-wow-delay=\"500ms\"\n\t\tdata-wow-duration=\"1500ms\">\n\t\t<img decoding=\"async\" class=\"float-bob-y\" src=\"https:\/\/es-wanddesign.de\/wp-content\/uploads\/2020\/09\/shape-2.png\" alt=\"\">\n\t<\/div>\n\t<div class=\"container\">\n\t\t<div class=\"row\">\n\t\t\t<div class=\"col-xl-6\">\n\t\t\t\t<div class=\"about-style2-image-box\">\n\t\t\t\t\t<div class=\"main-image\">\n\t\t\t\t\t\t<img fetchpriority=\"high\" decoding=\"async\" width=\"570\" height=\"615\" src=\"https:\/\/es-wanddesign.de\/wp-content\/uploads\/2023\/10\/Unbenannt-6.png\" class=\"attachment-full size-full\" alt=\"\" \/>\t\t\t\t\t\t<div class=\"icon-box thm-bgclr\">\n\t\t\t\t\t\t\t<span class=\" flaticon-wallpaper\"><\/span>\n\t\t\t\t\t\t\t<!-- Title -->\n\t\t\t\t\t\t\t<h3 class=\"typo-title-text\">\n\t\t\t\t\t\t\t\tGegr\u00fcndet <br>2023\t\t\t\t\t\t\t<\/h3>\n\t\t\t\t\t\t\t<!-- Title -->\n\t\t\t\t\t\t<\/div>\n\t\t\t\t\t<\/div>\n\t\t\t\t<\/div>\n\t\t\t<\/div>\n\t\t\t<div class=\"col-xl-6\">\n\t\t\t\t<div class=\"about-style2-content-box\">\n\t\t\t\t\t<div class=\"sec-title\">\n\t\t\t\t\t\t<div class=\"sub-title\">\n\t\t\t\t\t\t\t<!-- Tagline -->\n\t\t\t\t\t\t\t<h3 class=\"typo-tagline-text\">\n\t\t\t\t\t\t\t\tErfahren Sie mehr \u00fcber Uns\t\t\t\t\t\t\t<\/h3>\n\t\t\t\t\t\t\t<!-- Tagline -->\n\t\t\t\t\t\t<\/div>\n\t\t\t\t\t\t<!-- Header -->\n\t\t\t\t\t\t<h2 class=\"typo-header-text\">\n\t\t\t\t\t\t\tWas steckt hinter ES-WandDesign\t\t\t\t\t\t<\/h2>\n\t\t\t\t\t\t<!-- Header -->\n\t\t\t\t\t<\/div>\n\t\t\t\t\t<div class=\"inner-content\">\n\t\t\t\t\t\t\t\t\t\t\t\t<div class=\"title\">\n\t\t\t\t\t\t\t<h3>Wir haben \u00fcber 20 Jahre Erfahrung<\/h3>\n\t\t\t\t\t\t<\/div>\n\t\t\t\t\t\t\t\t\t\t\t\t<div class=\"text\">\n\t\t\t\t\t\t\t<div class=\"typo-content-text\">Wir sind ein aufstrebendes Unternehmen  in der Wandveredelungsbranche. Unser Engagement f\u00fcr Qualit\u00e4t und Kreativit\u00e4t spiegelt sich in jedem Projekt wieder. Wir sind stolz darauf, innovative Techniken wie Metallic-Effekte, Samtoptik, Spachteltechnik und vieles mehr anzubieten, um R\u00e4ume in einzigartige Kunstwerke zu verwandeln.\n<br>\nUnsere Stukarbeiten verleihen Ihren W\u00e4nden zeitlose Eleganz, w\u00e4hrend unsere Lackspanndecken mit eleganten Beleuchtungsoptionen eine moderne Note verleihen. Wir sind stets bestrebt, hochwertige Materialien zu verwenden, um langlebige Ergebnisse zu erzielen. Doch das Wichtigste f\u00fcr uns sind unsere Kunden. Ihre Visionen und Zufriedenheit stehen im Mittelpunkt unseres Schaffens, und wir sind bereit, Ihr Zuhause oder Gesch\u00e4ft in etwas Besonderes zu verwandeln. Willkommen bei ES-WandDesign, Ihrem Partner f\u00fcr einzigartige Wandgestaltung.\n<\/div>\n\t\t\t\t\t\t<\/div>\n\t\t\t\t\t<\/div>\n\t\t\t\t\t<div class=\"bottom-text\">\n\t\t\t\t\t\t<div class=\"row\">\n\t\t\t\t\t\t\t\n\t\t\t\t\t\t\t<div class=\"col-xl-6\">\n\t\t\t\t\t\t\t\t<div class=\"single-box\">\n\t\t\t\t\t\t\t\t\t<h3 class=\"typo-item_title-text\"><span\n\t\t\t\t\t\t\t\t\t\t\tclass=\"flaticon-tick thm-clr\"><\/span>H\u00f6chste Qualit\u00e4t ist unser Markenzeichen<\/h3>\n\t\t\t\t\t\t\t\t\t<p class=\"typo-item_content-text\">Wir setzen auf erstklassige Materialien und pr\u00e4zise Handwerkskunst, um Ihre Erwartungen zu \u00fcbertreffen.<\/p>\n\t\t\t\t\t\t\t\t<\/div>\n\t\t\t\t\t\t\t<\/div>\n\t\t\t\t\t\t\t\n\t\t\t\t\t\t\t<div class=\"col-xl-6\">\n\t\t\t\t\t\t\t\t<div class=\"single-box\">\n\t\t\t\t\t\t\t\t\t<h3 class=\"typo-item_title-text\"><span\n\t\t\t\t\t\t\t\t\t\t\tclass=\"flaticon-tick thm-clr\"><\/span>Kundenzufriedenheit steht an erster Stelle<\/h3>\n\t\t\t\t\t\t\t\t\t<p class=\"typo-item_content-text\">Wir arbeiten hart, um Ihre Visionen zu realisieren und Ihre Erwartungen zu \u00fcbertreffen.<\/p>\n\t\t\t\t\t\t\t\t<\/div>\n\t\t\t\t\t\t\t<\/div>\n\t\t\t\t\t\t\t\t\t\t\t\t\t<\/div>\n\t\t\t\t\t<\/div>\n\t\t\t\t\t<div class=\"about-style2-phone-number\">\n\t\t\t\t\t\t<h3>Rufen Sie Uns an! <a\n\t\t\t\t\t\t\t\thref=\"tel:017642753310\">0176 42753310<\/a><\/h3>\n\t\t\t\t\t<\/div>\n\t\t\t\t<\/div>\n\n\t\t\t<\/div>\n\n\t\t<\/div>\n\t<\/div>\n\n<\/section>\n<!--End About Style2 Area-->\n\n\n\n\n\n\n\n\n\n\t\t\t\t<\/div>\n\t\t\t\t<\/div>\n\t\t\t\t\t<\/div>\n\t\t<\/div>\n\t\t\t\t\t\t\t<\/div>\n\t\t<\/section>\n\t\t\t\t<section class=\"elementor-section elementor-top-section elementor-element elementor-element-5b1ec6b elementor-section-full_width elementor-section-height-default elementor-section-height-default\" data-id=\"5b1ec6b\" data-element_type=\"section\">\n\t\t\t\t\t\t<div class=\"elementor-container elementor-column-gap-no\">\n\t\t\t\t\t<div class=\"elementor-column elementor-col-100 elementor-top-column elementor-element elementor-element-e716630\" data-id=\"e716630\" data-element_type=\"column\">\n\t\t\t<div class=\"elementor-widget-wrap elementor-element-populated\">\n\t\t\t\t\t\t\t\t<div class=\"elementor-element elementor-element-1610bc9 elementor-widget elementor-widget-wazors_fact_counter\" data-id=\"1610bc9\" data-element_type=\"widget\" data-widget_type=\"wazors_fact_counter.default\">\n\t\t\t\t<div class=\"elementor-widget-container\">\n\t\t\t\n\n<!--Start Fact Counter Area-->\n<section class=\"fact-counter-area\">\n\t\t\t<div class=\"container\">\n\t\t<div class=\"row\">\n\t\t\t<div class=\"col-xl-12\">\n\t\t\t\t<div class=\"fact-counter\">\n\t\t\t\t\t<div class=\"fact-counter-pattern\"\n\t\t\t\t\t\tstyle=\"background-image: url(https:\/\/es-wanddesign.de\/wp-content\/uploads\/fact-counter-area-bg.png)\"><\/div>\n\t\t\t\t\t<ul class=\"fact-counter-box clearfix\">\n\t\t\t\t\t\t\t\t\t\t\t\t<!--Start Single Fact Counter-->\n\t\t\t\t\t\t<li class=\"single-fact-counter text-center wow fadeInRight\"\n\t\t\t\t\t\t\tdata-wow-delay=\"0\"\n\t\t\t\t\t\t\tdata-wow-duration=\"1500ms\">\n\t\t\t\t\t\t\t<div class=\"count-box\">\n\t\t\t\t\t\t\t\t<h2>\n\t\t\t\t\t\t\t\t\t<span class=\"typo-item_content-text timer\" data-from=\"1\"\n\t\t\t\t\t\t\t\t\t\tdata-to=\"89\" data-speed=\"1500\"\n\t\t\t\t\t\t\t\t\t\tdata-refresh-interval=\"50\">89<\/span>\n\t\t\t\t\t\t\t\t\t<span class=\"icon\">\n\t\t\t\t\t\t\t\t\t\t<i class=\"flaticon-plus\"><\/i>\n\t\t\t\t\t\t\t\t\t<\/span>\n\t\t\t\t\t\t\t\t<\/h2>\n\t\t\t\t\t\t\t\t<div class=\"sub-title\">\n\t\t\t\t\t\t\t\t\t<!-- Header -->\n\t\t\t\t\t\t\t\t\t<h5 class=\"typo-item_title-text\">\n\t\t\t\t\t\t\t\t\t\tW\u00e4nde veredelt\t\t\t\t\t\t\t\t\t<\/h5>\n\t\t\t\t\t\t\t\t\t<!-- Header -->\n\t\t\t\t\t\t\t\t<\/div>\n\t\t\t\t\t\t\t<\/div>\n\t\t\t\t\t\t<\/li>\n\t\t\t\t\t\t<!--End Single Fact Counter-->\n\t\t\t\t\t\t\t\t\t\t\t\t<!--Start Single Fact Counter-->\n\t\t\t\t\t\t<li class=\"single-fact-counter text-center wow fadeInUp\"\n\t\t\t\t\t\t\tdata-wow-delay=\"500\"\n\t\t\t\t\t\t\tdata-wow-duration=\"1500ms\">\n\t\t\t\t\t\t\t<div class=\"count-box\">\n\t\t\t\t\t\t\t\t<h2>\n\t\t\t\t\t\t\t\t\t<span class=\"typo-item_content-text timer\" data-from=\"1\"\n\t\t\t\t\t\t\t\t\t\tdata-to=\"211\" data-speed=\"5000\"\n\t\t\t\t\t\t\t\t\t\tdata-refresh-interval=\"50\">211<\/span>\n\t\t\t\t\t\t\t\t\t<span class=\"icon\">\n\t\t\t\t\t\t\t\t\t\t<i class=\"flaticon-plus\"><\/i>\n\t\t\t\t\t\t\t\t\t<\/span>\n\t\t\t\t\t\t\t\t<\/h2>\n\t\t\t\t\t\t\t\t<div class=\"sub-title\">\n\t\t\t\t\t\t\t\t\t<!-- Header -->\n\t\t\t\t\t\t\t\t\t<h5 class=\"typo-item_title-text\">\n\t\t\t\t\t\t\t\t\t\tLiter Farbe verwendet\t\t\t\t\t\t\t\t\t<\/h5>\n\t\t\t\t\t\t\t\t\t<!-- Header -->\n\t\t\t\t\t\t\t\t<\/div>\n\t\t\t\t\t\t\t<\/div>\n\t\t\t\t\t\t<\/li>\n\t\t\t\t\t\t<!--End Single Fact Counter-->\n\t\t\t\t\t\t\t\t\t\t\t\t<!--Start Single Fact Counter-->\n\t\t\t\t\t\t<li class=\"single-fact-counter text-center wow \"\n\t\t\t\t\t\t\tdata-wow-delay=\"\"\n\t\t\t\t\t\t\tdata-wow-duration=\"\">\n\t\t\t\t\t\t\t<div class=\"count-box\">\n\t\t\t\t\t\t\t\t<h2>\n\t\t\t\t\t\t\t\t\t<span class=\"typo-item_content-text timer\" data-from=\"1\"\n\t\t\t\t\t\t\t\t\t\tdata-to=\"172\" data-speed=\"5000\"\n\t\t\t\t\t\t\t\t\t\tdata-refresh-interval=\"50\">172<\/span>\n\t\t\t\t\t\t\t\t\t<span class=\"icon\">\n\t\t\t\t\t\t\t\t\t\t<i class=\"flaticon-plus\"><\/i>\n\t\t\t\t\t\t\t\t\t<\/span>\n\t\t\t\t\t\t\t\t<\/h2>\n\t\t\t\t\t\t\t\t<div class=\"sub-title\">\n\t\t\t\t\t\t\t\t\t<!-- Header -->\n\t\t\t\t\t\t\t\t\t<h5 class=\"typo-item_title-text\">\n\t\t\t\t\t\t\t\t\t\tm2 Lackspanndecken\t\t\t\t\t\t\t\t\t<\/h5>\n\t\t\t\t\t\t\t\t\t<!-- Header -->\n\t\t\t\t\t\t\t\t<\/div>\n\t\t\t\t\t\t\t<\/div>\n\t\t\t\t\t\t<\/li>\n\t\t\t\t\t\t<!--End Single Fact Counter-->\n\t\t\t\t\t\t\t\t\t\t\t\t<!--Start Single Fact Counter-->\n\t\t\t\t\t\t<li class=\"single-fact-counter text-center wow \"\n\t\t\t\t\t\t\tdata-wow-delay=\"\"\n\t\t\t\t\t\t\tdata-wow-duration=\"\">\n\t\t\t\t\t\t\t<div class=\"count-box\">\n\t\t\t\t\t\t\t\t<h2>\n\t\t\t\t\t\t\t\t\t<span class=\"typo-item_content-text timer\" data-from=\"1\"\n\t\t\t\t\t\t\t\t\t\tdata-to=\"112\" data-speed=\"5000\"\n\t\t\t\t\t\t\t\t\t\tdata-refresh-interval=\"50\">112<\/span>\n\t\t\t\t\t\t\t\t\t<span class=\"icon\">\n\t\t\t\t\t\t\t\t\t\t<i class=\"flaticon-plus\"><\/i>\n\t\t\t\t\t\t\t\t\t<\/span>\n\t\t\t\t\t\t\t\t<\/h2>\n\t\t\t\t\t\t\t\t<div class=\"sub-title\">\n\t\t\t\t\t\t\t\t\t<!-- Header -->\n\t\t\t\t\t\t\t\t\t<h5 class=\"typo-item_title-text\">\n\t\t\t\t\t\t\t\t\t\tlfd. Meter Stuck\t\t\t\t\t\t\t\t\t<\/h5>\n\t\t\t\t\t\t\t\t\t<!-- Header -->\n\t\t\t\t\t\t\t\t<\/div>\n\t\t\t\t\t\t\t<\/div>\n\t\t\t\t\t\t<\/li>\n\t\t\t\t\t\t<!--End Single Fact Counter-->\n\t\t\t\t\t\t\t\t\t\t\t<\/ul>\n\t\t\t\t<\/div>\n\t\t\t<\/div>\n\n\t\t<\/div>\n\t<\/div>\n<\/section>\n<!--End Fact Counter Area-->\n\n\n\n\n\n\n\n\t\t\t\t<\/div>\n\t\t\t\t<\/div>\n\t\t\t\t\t<\/div>\n\t\t<\/div>\n\t\t\t\t\t\t\t<\/div>\n\t\t<\/section>\n\t\t\t\t<section class=\"elementor-section elementor-top-section elementor-element elementor-element-d830e9a elementor-section-full_width elementor-section-height-default elementor-section-height-default\" data-id=\"d830e9a\" data-element_type=\"section\">\n\t\t\t\t\t\t<div class=\"elementor-container elementor-column-gap-no\">\n\t\t\t\t\t<div class=\"elementor-column elementor-col-100 elementor-top-column elementor-element elementor-element-a786904\" data-id=\"a786904\" data-element_type=\"column\">\n\t\t\t<div class=\"elementor-widget-wrap elementor-element-populated\">\n\t\t\t\t\t\t\t\t<div class=\"elementor-element elementor-element-bfcad98 elementor-widget elementor-widget-wazors_booking_area\" data-id=\"bfcad98\" data-element_type=\"widget\" data-widget_type=\"wazors_booking_area.default\">\n\t\t\t\t<div class=\"elementor-widget-container\">\n\t\t\t\n<!--Start Booking Area-->\n<section class=\"booking-area thm-bgclr\">\n\t<div class=\"container\">\n\t\t<div class=\"row\">\n\t\t\t<div class=\"col-xl-5 col-lg-4\">\n\t\t\t\t<div class=\"booking-number-box style2\">\n\t\t\t\t\t<div class=\"icon\">\n\t\t\t\t\t\t<span class=\" flaticon-time-management\"><\/span>\n\t\t\t\t\t<\/div>\n\t\t\t\t\t<div class=\"title\">\n\t\t\t\t\t\t<!-- Tagline -->\n\t\t\t\t\t\t<div\t\t\t\t\t\t\tclass=\"typo-tagline-text\">Termin vereinbaren\t\t\t\t\t\t<\/div>\n\t\t\t\t\t\t<!-- Tagline -->\n\t\t\t\t\t\t<!-- Title -->\n\t\t\t\t\t\t<h2>\n\t\t\t\t\t\t\t<a href=\"tel:6668880000\"\n\t\t\t\t\t\t\t\tclass=\"typo-title-text clr_white\">\n\t\t\t\t\t\t\t\t0176 42753310<\/a>\n\t\t\t\t\t\t<\/h2>\n\t\t\t\t\t\t<!-- Title -->\n\t\t\t\t\t<\/div>\n\t\t\t\t<\/div>\n\t\t\t<\/div>\n\t\t\t<div class=\"col-xl-7 col-lg-8\">\n\t\t\t\t<div class=\"booking-content-box style2\">\n\t\t\t\t\t<div class=\"text\">\n\t\t\t\t\t\t<p class=\"typo-content-text\">\n\t\t\t\t\t\t\tRufen Sie uns an, oder kontaktieren Sie uns via E-Mail<\/p>\n\t\t\t\t\t<\/div>\n\t\t\t\t\t\t\t\t\t\t<div class=\"buttom-box\">\n\t\t\t\t\t\t<a class=\"btn-one\" href=\"mailto:info@es-wanddesign.de\" target=\"_blank\" rel=\"nofollow\"><span\n\t\t\t\t\t\t\t\tclass=\"txt\">Kontakt<\/span><\/a>\n\t\t\t\t\t<\/div>\n\t\t\t\t\t\t\t\t\t<\/div>\n\t\t\t<\/div>\n\n\t\t<\/div>\n\t<\/div>\n<\/section>\n<!--End Booking Area-->\n\n\t\t\t\t<\/div>\n\t\t\t\t<\/div>\n\t\t\t\t\t<\/div>\n\t\t<\/div>\n\t\t\t\t\t\t\t<\/div>\n\t\t<\/section>\n\t\t\t\t\t\t\t<\/div>\n\t\t","protected":false},"excerpt":{"rendered":"<p>Gegr\u00fcndet 2023 Erfahren Sie mehr \u00fcber Uns Was steckt hinter ES-WandDesign Wir haben \u00fcber 20 Jahre Erfahrung Wir sind ein aufstrebendes Unternehmen in der Wandveredelungsbranche. Unser Engagement f\u00fcr Qualit\u00e4t und Kreativit\u00e4t spiegelt sich in jedem Projekt wieder. Wir sind stolz darauf, innovative Techniken wie Metallic-Effekte, Samtoptik, Spachteltechnik und vieles mehr anzubieten, um R\u00e4ume in einzigartige [&hellip;]<\/p>\n","protected":false},"author":1,"featured_media":1425,"parent":0,"menu_order":0,"comment_status":"closed","ping_status":"closed","template":"elementor_header_footer","meta":{"footnotes":""},"_links":{"self":[{"href":"https:\/\/es-wanddesign.de\/index.php?rest_route=\/wp\/v2\/pages\/339"}],"collection":[{"href":"https:\/\/es-wanddesign.de\/index.php?rest_route=\/wp\/v2\/pages"}],"about":[{"href":"https:\/\/es-wanddesign.de\/index.php?rest_route=\/wp\/v2\/types\/page"}],"author":[{"embeddable":true,"href":"https:\/\/es-wanddesign.de\/index.php?rest_route=\/wp\/v2\/users\/1"}],"replies":[{"embeddable":true,"href":"https:\/\/es-wanddesign.de\/index.php?rest_route=%2Fwp%2Fv2%2Fcomments&post=339"}],"version-history":[{"count":13,"href":"https:\/\/es-wanddesign.de\/index.php?rest_route=\/wp\/v2\/pages\/339\/revisions"}],"predecessor-version":[{"id":1492,"href":"https:\/\/es-wanddesign.de\/index.php?rest_route=\/wp\/v2\/pages\/339\/revisions\/1492"}],"wp:featuredmedia":[{"embeddable":true,"href":"https:\/\/es-wanddesign.de\/index.php?rest_route=\/wp\/v2\/media\/1425"}],"wp:attachment":[{"href":"https:\/\/es-wanddesign.de\/index.php?rest_route=%2Fwp%2Fv2%2Fmedia&parent=339"}],"curies":[{"name":"wp","href":"https:\/\/api.w.org\/{rel}","templated":true}]}}